{"id":263,"date":"2022-04-09T10:44:55","date_gmt":"2022-04-09T10:44:55","guid":{"rendered":"https:\/\/h-kalteis.de\/?page_id=263"},"modified":"2025-02-05T12:41:37","modified_gmt":"2025-02-05T12:41:37","slug":"musik","status":"publish","type":"page","link":"https:\/\/h-kalteis.de\/?page_id=263","title":{"rendered":"Musik"},"content":{"rendered":"\n<p>Die ersten Schritte f\u00fcr meine Musiktruhe ist gesetzt. Ich will euch nicht nur meine Musik zeigen, die eine oder andere Beurteilung wird auch gesetzt.<\/p>\n\n\n\n<p><\/p>\n\n\n\n<p>Hubert von Goisern hat nicht nur die klassische Volksmusik f\u00fcr mich h\u00f6rbar gemacht, er \u00e4u\u00dfert sich auch sehr kritisch zu diversen Zeitgeschehen.<\/p>\n\n\n\n<figure class=\"wp-block-audio\"><audio controls src=\"https:\/\/h-kalteis.de\/wp-content\/uploads\/2022\/04\/01-Brenna-tuats-guat-1-Kopie.m4a\"><\/audio><figcaption class=\"wp-element-caption\">Hubert von Goisern<\/figcaption><\/figure>\n\n\n\n<p>Hannes Wader, aus meiner Sicht eine der besten &#8222;Liedermacher&#8220; und S\u00e4nger schlechthin. Seine politische Ansicht schl\u00e4gt sich in vielen Lieder seines Repertoire durch. Man erhalte uns seine Motivation und seinen Geist.<\/p>\n\n\n\n<figure class=\"wp-block-audio\"><audio controls src=\"https:\/\/h-kalteis.de\/wp-content\/uploads\/2022\/04\/Vater-s-Land.m4a\"><\/audio><figcaption class=\"wp-element-caption\">Hannes Wader<\/figcaption><\/figure>\n\n\n\n<p>Die &#8222;Erste allgemeine Verunsicherung&#8220; hatte ihre beste Zeit in den Sp\u00e4tachziger bis Mitte Neunziger Jahren. Ihre Lieder brachten einen zum Lachen oder aber auch zum Nachdenken. Der Dialekt schleift die H\u00e4rte der deutschen Aussprache etwas und die Melodie reizt einen mehr zum Tanzen, wie zum Nachdenken.<\/p>\n\n\n\n<figure class=\"wp-block-audio\"><audio controls src=\"https:\/\/h-kalteis.de\/wp-content\/uploads\/2022\/04\/10.-EAV-Sandlerkoenig-Eberhard-Kopie.mp3\"><\/audio><figcaption class=\"wp-element-caption\">Erste Allgemeine Verunsicherung<\/figcaption><\/figure>\n\n\n\n<p>Woher mein Spruch &#8222;zwischen Himmel und H\u00f6lle&#8220; zu leben kommt von diesem Lied. Eine der moderneren Countryversion, die Melodie als Mittel zum Zweck anbietet.<\/p>\n\n\n\n<figure class=\"wp-block-audio\"><audio controls src=\"https:\/\/h-kalteis.de\/wp-content\/uploads\/2022\/04\/10-Between-Raising-Hell-and-Amazig-Grace-Kopie.mp3\"><\/audio><\/figure>\n\n\n\n<p>Mein Lieblingsmusiker und das schon seit Jahrzehnten ist Johnny Cash. Hier ein Video von seinen letzten Tagen.<\/p>\n\n\n\n<figure class=\"wp-block-audio\"><audio controls src=\"https:\/\/h-kalteis.de\/wp-content\/uploads\/2025\/02\/01-Paranoid.mp3\"><\/audio><\/figure>\n\n\n\n<p>Ben\u00f6tigt man ein Lied und glaubt Black Sabbath zu h\u00f6ren, da ist der Wurm drin&#8230;<\/p>\n\n\n\n<figure class=\"wp-block-video\"><video height=\"240\" style=\"aspect-ratio: 294 \/ 240;\" width=\"294\" controls src=\"https:\/\/h-kalteis.de\/wp-content\/uploads\/2022\/04\/Johnny-Cash-Hurt.mp4\"><\/video><figcaption class=\"wp-element-caption\">Hurt von Johnny Cash<\/figcaption><\/figure>\n\n\n\n<p>Aber auch neu eingespielte Lieder mit verschiedenen Interpretationen machen Laune. Ja; so unterschiedlich kann sich &#8222;Countrymusic&#8220; anh\u00f6ren!<\/p>\n\n\n\n<figure class=\"wp-block-video\"><video height=\"350\" style=\"aspect-ratio: 720 \/ 350;\" width=\"720\" controls poster=\"https:\/\/h-kalteis.de\/wp-content\/uploads\/2022\/04\/Forever-Country-m4v-image.jpg\" src=\"https:\/\/h-kalteis.de\/wp-content\/uploads\/2022\/04\/Forever-Country-.m4v\"><\/video><figcaption class=\"wp-element-caption\">Forever Country<\/figcaption><\/figure>\n\n\n\n<p>Zugrunde legend, wie viele Lieder der verschiedenen Stilrichtungen ich euch hier zur Verf\u00fcgung stelle, l\u00e4sst einen erschaudern, wenn man meine Musiksammlung betrachtet. Ich habe noch keine M\u00f6glichkeit gefunden, Playlists zu erstellen und auf einer Webseite zu ver\u00f6ffentlichen. Das w\u00e4re vom Volumen auf der Internetpr\u00e4sentation auf jeden Fall besser. Wenn ich noch mehr ver\u00f6ffentliche, komme ich sehr schnell an die Grenzen des Platzes, den ich f\u00fcr meine Webseite zur Verf\u00fcgung gestellt bekomme.<\/p>\n\n\n\n<p>Ein Lied, das ich mir hin und wieder anh\u00f6re und bereits in den 70iger Jahren zu meinen Lieblingslieder geh\u00f6rt:<\/p>\n\n\n\n<figure class=\"wp-block-audio\"><audio controls src=\"https:\/\/h-kalteis.de\/wp-content\/uploads\/2022\/04\/08-Desiderata-Kopie.m4a\"><\/audio><figcaption class=\"wp-element-caption\">Desiderata von Friedrich Sch\u00fcter<\/figcaption><\/figure>\n\n\n\n<p>Passend zum Wetter und \u00fcberhaupt; Guns n Roses mit November Rain. Solche Lieder h\u00f6rt man immer wieder gerne.<\/p>\n\n\n\n<p><\/p>\n\n\n\n<figure class=\"wp-block-audio\"><audio controls src=\"https:\/\/h-kalteis.de\/wp-content\/uploads\/2022\/09\/November-rain.mp3\"><\/audio><figcaption class=\"wp-element-caption\">Guns n Roses &#8222;November Rain&#8220;<\/figcaption><\/figure>\n\n\n\n<p>Na, da ist auch noch ein sch\u00f6nes Lied der EAV-God bless America<\/p>\n\n\n\n<figure class=\"wp-block-audio\"><audio controls src=\"https:\/\/h-kalteis.de\/wp-content\/uploads\/2024\/04\/20-God-bless-America-Kopie.mp3\"><\/audio><\/figure>\n\n\n\n<p><\/p>\n\n\n\n<p>&#8230; nachgestellt<a href=\"https:\/\/de.wikipedia.org\/wiki\/Marcel_Reich-Ranicki\"> Marcel Reich-Ranicki <\/a> ist aber auchEAV<\/p>\n\n\n\n<figure class=\"wp-block-audio\"><audio controls src=\"https:\/\/h-kalteis.de\/wp-content\/uploads\/2024\/04\/19-100-Jahre-EAV-Weiter-so-Kopie.mp3\"><\/audio><\/figure>\n\n\n\n<p>Von den Puhdys, Wut will nicht sterben, aus dem Album Wilder Frieden; geh\u00f6rt immer dazu! Wer genau hin h\u00f6rt, erkennt Til Lindemann von Rammstein mit einer satirischen Bemerkung.<\/p>\n\n\n\n<figure class=\"wp-block-audio\"><audio controls src=\"https:\/\/h-kalteis.de\/wp-content\/uploads\/2024\/04\/04-Wut-Will-Nicht-Sterben-Kopie.m4a\"><\/audio><figcaption class=\"wp-element-caption\">Wut will nicht sterben<\/figcaption><\/figure>\n","protected":false},"excerpt":{"rendered":"<p>Die ersten Schritte f\u00fcr meine Musiktruhe ist gesetzt. Ich will euch nicht nur meine Musik zeigen, die eine oder andere Beurteilung wird auch gesetzt. Hubert von Goisern hat nicht nur die klassische Volksmusik f\u00fcr mich h\u00f6rbar gemacht, er \u00e4u\u00dfert sich auch sehr kritisch zu diversen Zeitgeschehen. Hannes Wader, aus meiner Sicht eine der besten &#8222;Liedermacher&#8220; [&hellip;]<\/p>\n","protected":false},"author":6,"featured_media":264,"parent":0,"menu_order":0,"comment_status":"closed","ping_status":"closed","template":"","meta":{"footnotes":""},"class_list":["post-263","page","type-page","status-publish","has-post-thumbnail","hentry"],"_links":{"self":[{"href":"https:\/\/h-kalteis.de\/index.php?rest_route=\/wp\/v2\/pages\/263","targetHints":{"allow":["GET"]}}],"collection":[{"href":"https:\/\/h-kalteis.de\/index.php?rest_route=\/wp\/v2\/pages"}],"about":[{"href":"https:\/\/h-kalteis.de\/index.php?rest_route=\/wp\/v2\/types\/page"}],"author":[{"embeddable":true,"href":"https:\/\/h-kalteis.de\/index.php?rest_route=\/wp\/v2\/users\/6"}],"replies":[{"embeddable":true,"href":"https:\/\/h-kalteis.de\/index.php?rest_route=%2Fwp%2Fv2%2Fcomments&post=263"}],"version-history":[{"count":0,"href":"https:\/\/h-kalteis.de\/index.php?rest_route=\/wp\/v2\/pages\/263\/revisions"}],"wp:featuredmedia":[{"embeddable":true,"href":"https:\/\/h-kalteis.de\/index.php?rest_route=\/wp\/v2\/media\/264"}],"wp:attachment":[{"href":"https:\/\/h-kalteis.de\/index.php?rest_route=%2Fwp%2Fv2%2Fmedia&parent=263"}],"curies":[{"name":"wp","href":"https:\/\/api.w.org\/{rel}","templated":true}]}}